{"id":6472,"date":"2025-02-10T03:13:35","date_gmt":"2025-02-10T03:13:35","guid":{"rendered":"https:\/\/lemodperu.com\/pe\/?post_type=product&#038;p=6472"},"modified":"2026-03-22T16:37:39","modified_gmt":"2026-03-22T16:37:39","slug":"botines-casuales-negro-chelsea-hombre-lhb01ne","status":"publish","type":"product","link":"https:\/\/lemodperu.com\/pe\/product\/botines-casuales-negro-chelsea-hombre-lhb01ne\/","title":{"rendered":"Botines Casuales Negro Chelsea Hombre"},"content":{"rendered":"<p>Atributos:<\/p>\n<div class=\"_1YBVObhm\" tabindex=\"0\" role=\"button\" aria-label=\"Material superior: Fibra extrafina\">\n<div class=\"_1YBVObhm\" tabindex=\"0\" role=\"button\" aria-label=\"Material superior: Fibra extrafina\">Material superior: Cuero 100%<\/div>\n<div tabindex=\"0\" role=\"button\" aria-label=\"Material superior: Fibra extrafina\">Material de la plantilla: Cuero 100% Badana<\/div>\n<div tabindex=\"0\" role=\"button\" aria-label=\"Material de la suela: Caucho\">Material de forro: Poliuretano<\/div>\n<div tabindex=\"0\" role=\"button\" aria-label=\"Material de la plantilla: PU\">Material de la suela:\u00a0Caucho<\/div>\n<\/div>\n<div class=\"_1YBVObhm\" tabindex=\"0\" role=\"button\" aria-label=\"Temporada: Oto\u00f1o,Primavera\">Temporada: Todas las Temporadas<\/div>\n<div class=\"_1YBVObhm\" tabindex=\"0\" role=\"button\" aria-label=\"Puntera: Redondo\">Escena: Eventos, Boda, Diario<\/div>\n<div class=\"_1YBVObhm\" tabindex=\"0\" role=\"button\" aria-label=\"Estilo: Casual\">Estilo: Vestir, Casual<\/div>\n","protected":false},"excerpt":{"rendered":"<p>Botines Chelsea de Hombre, Bot\u00ednes S\u00f3lido y Resistente de Buena Calidad, Botines de vestir, Botines Casuales. Botas de Hombre, Bot\u00edn\u00a0 Chelsea. <strong>Talla completa<\/strong><\/p>\n","protected":false},"featured_media":6480,"comment_status":"open","ping_status":"closed","template":"","meta":{"_uag_custom_page_level_css":"","site-sidebar-layout":"default","site-content-layout":"","ast-site-content-layout":"default","site-content-style":"default","site-sidebar-style":"default","ast-global-header-display":"","ast-banner-title-visibility":"","ast-main-header-display":"","ast-hfb-above-header-display":"","ast-hfb-below-header-display":"","ast-hfb-mobile-header-display":"","site-post-title":"","ast-breadcrumbs-content":"","ast-featured-img":"","footer-sml-layout":"","theme-transparent-header-meta":"default","adv-header-id-meta":"","stick-header-meta":"","header-above-stick-meta":"","header-main-stick-meta":"","header-below-stick-meta":"","astra-migrate-meta-layouts":"set","ast-page-background-enabled":"default","ast-page-background-meta":{"desktop":{"background-color":"var(--ast-global-color-4)","background-image":"","background-repeat":"repeat","background-position":"center center","background-size":"auto","background-attachment":"scroll","background-type":"","background-media":"","overlay-type":"","overlay-color":"","overlay-opacity":"","overlay-gradient":""},"tablet":{"background-color":"","background-image":"","background-repeat":"repeat","background-position":"center center","background-size":"auto","background-attachment":"scroll","background-type":"","background-media":"","overlay-type":"","overlay-color":"","overlay-opacity":"","overlay-gradient":""},"mobile":{"background-color":"","background-image":"","background-repeat":"repeat","background-position":"center center","background-size":"auto","background-attachment":"scroll","background-type":"","background-media":"","overlay-type":"","overlay-color":"","overlay-opacity":"","overlay-gradient":""}},"ast-content-background-meta":{"desktop":{"background-color":"var(--ast-global-color-5)","background-image":"","background-repeat":"repeat","background-position":"center center","background-size":"auto","background-attachment":"scroll","background-type":"","background-media":"","overlay-type":"","overlay-color":"","overlay-opacity":"","overlay-gradient":""},"tablet":{"background-color":"var(--ast-global-color-5)","background-image":"","background-repeat":"repeat","background-position":"center center","background-size":"auto","background-attachment":"scroll","background-type":"","background-media":"","overlay-type":"","overlay-color":"","overlay-opacity":"","overlay-gradient":""},"mobile":{"background-color":"var(--ast-global-color-5)","background-image":"","background-repeat":"repeat","background-position":"center center","background-size":"auto","background-attachment":"scroll","background-type":"","background-media":"","overlay-type":"","overlay-color":"","overlay-opacity":"","overlay-gradient":""}}},"product_brand":[],"product_cat":[202,85,137],"product_tag":[130,132],"class_list":{"0":"post-6472","1":"product","2":"type-product","3":"status-publish","4":"has-post-thumbnail","6":"product_cat-hombres","7":"product_cat-zapatos-de-vestir-hombre","8":"product_cat-botines-hombre","9":"product_tag-botin-chelsea","10":"product_tag-botin-negro","11":"desktop-align-left","12":"tablet-align-left","13":"mobile-align-left","15":"first","16":"instock","17":"sale","18":"taxable","19":"shipping-taxable","20":"purchasable","21":"product-type-variable"},"uagb_featured_image_src":{"full":["https:\/\/lemodperu.com\/wp-content\/uploads\/2025\/02\/141.jpg",1799,1727,false],"thumbnail":["https:\/\/lemodperu.com\/wp-content\/uploads\/2025\/02\/141-150x150.jpg",150,150,true],"medium":["https:\/\/lemodperu.com\/wp-content\/uploads\/2025\/02\/141-300x288.jpg",300,288,true],"medium_large":["https:\/\/lemodperu.com\/wp-content\/uploads\/2025\/02\/141-768x737.jpg",768,737,true],"large":["https:\/\/lemodperu.com\/wp-content\/uploads\/2025\/02\/141-1024x983.jpg",1024,983,true],"1536x1536":["https:\/\/lemodperu.com\/wp-content\/uploads\/2025\/02\/141-1536x1475.jpg",1536,1475,true],"2048x2048":["https:\/\/lemodperu.com\/wp-content\/uploads\/2025\/02\/141.jpg",1799,1727,false],"woocommerce_thumbnail":["https:\/\/lemodperu.com\/wp-content\/uploads\/2025\/02\/141-300x300.jpg",300,300,true],"woocommerce_single":["https:\/\/lemodperu.com\/wp-content\/uploads\/2025\/02\/141-600x576.jpg",600,576,true],"woocommerce_gallery_thumbnail":["https:\/\/lemodperu.com\/wp-content\/uploads\/2025\/02\/141-100x100.jpg",100,100,true],"dgwt-wcas-product-suggestion":["https:\/\/lemodperu.com\/wp-content\/uploads\/2025\/02\/141-64x61.jpg",64,61,true]},"uagb_author_info":{"display_name":"Diego Mendoza","author_link":"https:\/\/lemodperu.com\/pe\/author\/"},"uagb_comment_info":0,"uagb_excerpt":"Botines Chelsea de Hombre, Bot\u00ednes S\u00f3lido y Resistente de Buena Calidad, Botines de vestir, Botines Casuales. Botas de Hombre, Bot\u00edn\u00a0 Chelsea. Talla completa","_links":{"self":[{"href":"https:\/\/lemodperu.com\/pe\/wp-json\/wp\/v2\/product\/6472","targetHints":{"allow":["GET"]}}],"collection":[{"href":"https:\/\/lemodperu.com\/pe\/wp-json\/wp\/v2\/product"}],"about":[{"href":"https:\/\/lemodperu.com\/pe\/wp-json\/wp\/v2\/types\/product"}],"replies":[{"embeddable":true,"href":"https:\/\/lemodperu.com\/pe\/wp-json\/wp\/v2\/comments?post=6472"}],"wp:featuredmedia":[{"embeddable":true,"href":"https:\/\/lemodperu.com\/pe\/wp-json\/wp\/v2\/media\/6480"}],"wp:attachment":[{"href":"https:\/\/lemodperu.com\/pe\/wp-json\/wp\/v2\/media?parent=6472"}],"wp:term":[{"taxonomy":"product_brand","embeddable":true,"href":"https:\/\/lemodperu.com\/pe\/wp-json\/wp\/v2\/product_brand?post=6472"},{"taxonomy":"product_cat","embeddable":true,"href":"https:\/\/lemodperu.com\/pe\/wp-json\/wp\/v2\/product_cat?post=6472"},{"taxonomy":"product_tag","embeddable":true,"href":"https:\/\/lemodperu.com\/pe\/wp-json\/wp\/v2\/product_tag?post=6472"}],"curies":[{"name":"wp","href":"https:\/\/api.w.org\/{rel}","templated":true}]}}