{"id":6463,"date":"2025-02-10T02:54:35","date_gmt":"2025-02-10T02:54:35","guid":{"rendered":"https:\/\/lemodperu.com\/pe\/?post_type=product&#038;p=6463"},"modified":"2026-03-22T16:37:52","modified_gmt":"2026-03-22T16:37:52","slug":"botines-casuales-cobre-chelsea-hombre-lhb01co","status":"publish","type":"product","link":"https:\/\/lemodperu.com\/pe\/product\/botines-casuales-cobre-chelsea-hombre-lhb01co\/","title":{"rendered":"Botines Casuales Cobre Chelsea Hombre"},"content":{"rendered":"<p>Atributos:<\/p>\n<div class=\"_1YBVObhm\" tabindex=\"0\" role=\"button\" aria-label=\"Material superior: Fibra extrafina\">\n<div class=\"_1YBVObhm\" tabindex=\"0\" role=\"button\" aria-label=\"Material superior: Fibra extrafina\">Material superior: Cuero 100%<\/div>\n<div tabindex=\"0\" role=\"button\" aria-label=\"Material superior: Fibra extrafina\">Material de la plantilla: Cuero 100% Badana<\/div>\n<div tabindex=\"0\" role=\"button\" aria-label=\"Material de la suela: Caucho\">Material de forro: Poliuretano<\/div>\n<div tabindex=\"0\" role=\"button\" aria-label=\"Material de la plantilla: PU\">Material de la suela:\u00a0Caucho<\/div>\n<\/div>\n<div class=\"_1YBVObhm\" tabindex=\"0\" role=\"button\" aria-label=\"Temporada: Oto\u00f1o,Primavera\">Temporada: Todas las Temporadas<\/div>\n<div class=\"_1YBVObhm\" tabindex=\"0\" role=\"button\" aria-label=\"Puntera: Redondo\">Escena: Eventos, Boda, Diario<\/div>\n<div class=\"_1YBVObhm\" tabindex=\"0\" role=\"button\" aria-label=\"Estilo: Casual\">Estilo: Vestir, Casual<\/div>\n","protected":false},"excerpt":{"rendered":"<p>Botines Chelsea de Hombre, Bot\u00ednes S\u00f3lido y Resistente de Buena Calidad, Botines de vestir, Botines Casuales. Botas de Hombre, Bot\u00edn\u00a0 Chelsea. <strong>Talla completa<\/strong><\/p>\n","protected":false},"featured_media":9745,"comment_status":"open","ping_status":"closed","template":"","meta":{"_uag_custom_page_level_css":"","site-sidebar-layout":"default","site-content-layout":"","ast-site-content-layout":"default","site-content-style":"default","site-sidebar-style":"default","ast-global-header-display":"","ast-banner-title-visibility":"","ast-main-header-display":"","ast-hfb-above-header-display":"","ast-hfb-below-header-display":"","ast-hfb-mobile-header-display":"","site-post-title":"","ast-breadcrumbs-content":"","ast-featured-img":"","footer-sml-layout":"","theme-transparent-header-meta":"default","adv-header-id-meta":"","stick-header-meta":"","header-above-stick-meta":"","header-main-stick-meta":"","header-below-stick-meta":"","astra-migrate-meta-layouts":"set","ast-page-background-enabled":"default","ast-page-background-meta":{"desktop":{"background-color":"var(--ast-global-color-4)","background-image":"","background-repeat":"repeat","background-position":"center center","background-size":"auto","background-attachment":"scroll","background-type":"","background-media":"","overlay-type":"","overlay-color":"","overlay-opacity":"","overlay-gradient":""},"tablet":{"background-color":"","background-image":"","background-repeat":"repeat","background-position":"center center","background-size":"auto","background-attachment":"scroll","background-type":"","background-media":"","overlay-type":"","overlay-color":"","overlay-opacity":"","overlay-gradient":""},"mobile":{"background-color":"","background-image":"","background-repeat":"repeat","background-position":"center center","background-size":"auto","background-attachment":"scroll","background-type":"","background-media":"","overlay-type":"","overlay-color":"","overlay-opacity":"","overlay-gradient":""}},"ast-content-background-meta":{"desktop":{"background-color":"var(--ast-global-color-5)","background-image":"","background-repeat":"repeat","background-position":"center center","background-size":"auto","background-attachment":"scroll","background-type":"","background-media":"","overlay-type":"","overlay-color":"","overlay-opacity":"","overlay-gradient":""},"tablet":{"background-color":"var(--ast-global-color-5)","background-image":"","background-repeat":"repeat","background-position":"center center","background-size":"auto","background-attachment":"scroll","background-type":"","background-media":"","overlay-type":"","overlay-color":"","overlay-opacity":"","overlay-gradient":""},"mobile":{"background-color":"var(--ast-global-color-5)","background-image":"","background-repeat":"repeat","background-position":"center center","background-size":"auto","background-attachment":"scroll","background-type":"","background-media":"","overlay-type":"","overlay-color":"","overlay-opacity":"","overlay-gradient":""}}},"product_brand":[],"product_cat":[202,85,137],"product_tag":[130,131],"class_list":{"0":"post-6463","1":"product","2":"type-product","3":"status-publish","4":"has-post-thumbnail","6":"product_cat-hombres","7":"product_cat-zapatos-de-vestir-hombre","8":"product_cat-botines-hombre","9":"product_tag-botin-chelsea","10":"product_tag-botin-cobre","11":"desktop-align-left","12":"tablet-align-left","13":"mobile-align-left","15":"first","16":"instock","17":"sale","18":"taxable","19":"shipping-taxable","20":"purchasable","21":"product-type-variable"},"uagb_featured_image_src":{"full":["https:\/\/lemodperu.com\/wp-content\/uploads\/2025\/02\/142-2.jpg",1568,1507,false],"thumbnail":["https:\/\/lemodperu.com\/wp-content\/uploads\/2025\/02\/142-2-150x150.jpg",150,150,true],"medium":["https:\/\/lemodperu.com\/wp-content\/uploads\/2025\/02\/142-2-300x288.jpg",300,288,true],"medium_large":["https:\/\/lemodperu.com\/wp-content\/uploads\/2025\/02\/142-2-768x738.jpg",768,738,true],"large":["https:\/\/lemodperu.com\/wp-content\/uploads\/2025\/02\/142-2-1024x984.jpg",1024,984,true],"1536x1536":["https:\/\/lemodperu.com\/wp-content\/uploads\/2025\/02\/142-2-1536x1476.jpg",1536,1476,true],"2048x2048":["https:\/\/lemodperu.com\/wp-content\/uploads\/2025\/02\/142-2.jpg",1568,1507,false],"woocommerce_thumbnail":["https:\/\/lemodperu.com\/wp-content\/uploads\/2025\/02\/142-2-300x300.jpg",300,300,true],"woocommerce_single":["https:\/\/lemodperu.com\/wp-content\/uploads\/2025\/02\/142-2-600x577.jpg",600,577,true],"woocommerce_gallery_thumbnail":["https:\/\/lemodperu.com\/wp-content\/uploads\/2025\/02\/142-2-100x100.jpg",100,100,true],"dgwt-wcas-product-suggestion":["https:\/\/lemodperu.com\/wp-content\/uploads\/2025\/02\/142-2-64x62.jpg",64,62,true]},"uagb_author_info":{"display_name":"Diego Mendoza","author_link":"https:\/\/lemodperu.com\/pe\/author\/"},"uagb_comment_info":0,"uagb_excerpt":"Botines Chelsea de Hombre, Bot\u00ednes S\u00f3lido y Resistente de Buena Calidad, Botines de vestir, Botines Casuales. Botas de Hombre, Bot\u00edn\u00a0 Chelsea. Talla completa","_links":{"self":[{"href":"https:\/\/lemodperu.com\/pe\/wp-json\/wp\/v2\/product\/6463","targetHints":{"allow":["GET"]}}],"collection":[{"href":"https:\/\/lemodperu.com\/pe\/wp-json\/wp\/v2\/product"}],"about":[{"href":"https:\/\/lemodperu.com\/pe\/wp-json\/wp\/v2\/types\/product"}],"replies":[{"embeddable":true,"href":"https:\/\/lemodperu.com\/pe\/wp-json\/wp\/v2\/comments?post=6463"}],"wp:featuredmedia":[{"embeddable":true,"href":"https:\/\/lemodperu.com\/pe\/wp-json\/wp\/v2\/media\/9745"}],"wp:attachment":[{"href":"https:\/\/lemodperu.com\/pe\/wp-json\/wp\/v2\/media?parent=6463"}],"wp:term":[{"taxonomy":"product_brand","embeddable":true,"href":"https:\/\/lemodperu.com\/pe\/wp-json\/wp\/v2\/product_brand?post=6463"},{"taxonomy":"product_cat","embeddable":true,"href":"https:\/\/lemodperu.com\/pe\/wp-json\/wp\/v2\/product_cat?post=6463"},{"taxonomy":"product_tag","embeddable":true,"href":"https:\/\/lemodperu.com\/pe\/wp-json\/wp\/v2\/product_tag?post=6463"}],"curies":[{"name":"wp","href":"https:\/\/api.w.org\/{rel}","templated":true}]}}