{"id":4927,"date":"2024-12-12T05:17:25","date_gmt":"2024-12-12T05:17:25","guid":{"rendered":"https:\/\/lemodperu.com\/?page_id=4927"},"modified":"2025-12-27T16:21:58","modified_gmt":"2025-12-27T16:21:58","slug":"compras-lemod","status":"publish","type":"page","link":"https:\/\/lemodperu.com\/pe\/compras-lemod\/","title":{"rendered":"Compras lemod"},"content":{"rendered":"\t\t<div data-elementor-type=\"wp-page\" data-elementor-id=\"4927\" class=\"elementor elementor-4927\">\n\t\t\t\t<div class=\"elementor-element elementor-element-11ce779 e-flex e-con-boxed e-con e-parent\" data-id=\"11ce779\" data-element_type=\"container\">\n\t\t\t\t\t<div class=\"e-con-inner\">\n\t\t\t\t<div class=\"elementor-element elementor-element-d5141fd elementor-widget elementor-widget-heading\" data-id=\"d5141fd\" data-element_type=\"widget\" data-widget_type=\"heading.default\">\n\t\t\t\t<div class=\"elementor-widget-container\">\n\t\t\t\t\t<h2 class=\"elementor-heading-title elementor-size-default\">\u00bfC\u00f3mo comprar?<\/h2>\t\t\t\t<\/div>\n\t\t\t\t<\/div>\n\t\t\t\t<div class=\"elementor-element elementor-element-f6ea83e elementor-widget elementor-widget-text-editor\" data-id=\"f6ea83e\" data-element_type=\"widget\" data-widget_type=\"text-editor.default\">\n\t\t\t\t<div class=\"elementor-widget-container\">\n\t\t\t\t\t\t\t\t\t<ol><li>Selecionar el producto en nuestra tienda lemodperu.com<\/li><li>Elegir el color,\u00a0 talla y cantidad.<\/li><li>A\u00f1adir al carrito de compras o seleccionar &#8220;Comprar por WhatsApp&#8221;.<\/li><li>Llenar los datos en el formulario de facturaci\u00f3n para su env\u00edo. Si no encuentra opciones de su direcci\u00f3n puede comunicarse directamente a nuestro n\u00famero de WhatsApp al 901 962 491.<\/li><li>Realizar el pago correspondiente mediante la transferencia bancaria directa u otras opciones que figuran en el sistema.<\/li><li>Esperar la confirmaci\u00f3n de parte del area de ventas Online, o escribir directamente a nuestro n\u00famero de WhatsApp para agilizar la log\u00edstica de env\u00edo.<\/li><li>Una vez enviado el producto podr\u00e1 realizar el seguimiento en las plataformas de la empresas Couriers que se haya enviado seg\u00fan la configuraci\u00f3n.<\/li><li>Confirmar la recepci\u00f3n. \u00a1Listo! (Compra exitosa).<\/li><\/ol>\t\t\t\t\t\t\t\t<\/div>\n\t\t\t\t<\/div>\n\t\t\t\t\t<\/div>\n\t\t\t\t<\/div>\n\t\t<div class=\"elementor-element elementor-element-484210b e-flex e-con-boxed e-con e-parent\" data-id=\"484210b\" data-element_type=\"container\" data-settings=\"{&quot;background_background&quot;:&quot;classic&quot;}\">\n\t\t\t\t\t<div class=\"e-con-inner\">\n\t\t\t\t<div class=\"elementor-element elementor-element-96493f0 elementor-widget elementor-widget-heading\" data-id=\"96493f0\" data-element_type=\"widget\" data-widget_type=\"heading.default\">\n\t\t\t\t<div class=\"elementor-widget-container\">\n\t\t\t\t\t<h2 class=\"elementor-heading-title elementor-size-default\">Recomendaciones<\/h2>\t\t\t\t<\/div>\n\t\t\t\t<\/div>\n\t\t\t\t<div class=\"elementor-element elementor-element-73ee895 elementor-widget elementor-widget-text-editor\" data-id=\"73ee895\" data-element_type=\"widget\" data-widget_type=\"text-editor.default\">\n\t\t\t\t<div class=\"elementor-widget-container\">\n\t\t\t\t\t\t\t\t\t<ul><li>Leer las descripciones de cada producto para no generar ning\u00fan inconveniente despu\u00e9s de su compra.<\/li><li>Escribir directamente a nuestro WhatsApp 901 962 491 para una atenci\u00f3n adecuada.<\/li><li>Si no encuentra opciones de la direcci\u00f3n para el env\u00edo en nuestra tienda virtual, puede comunicarse con nosotros al 901 962 491 o al siguiente correo electr\u00f3nico atencionalcliente@lemodperu.com<\/li><\/ul>\t\t\t\t\t\t\t\t<\/div>\n\t\t\t\t<\/div>\n\t\t\t\t\t<\/div>\n\t\t\t\t<\/div>\n\t\t<div class=\"elementor-element elementor-element-bf8ca1f e-flex e-con-boxed e-con e-parent\" data-id=\"bf8ca1f\" data-element_type=\"container\">\n\t\t\t\t\t<div class=\"e-con-inner\">\n\t\t\t\t<div class=\"elementor-element elementor-element-6c5d058 elementor-widget elementor-widget-spacer\" data-id=\"6c5d058\" data-element_type=\"widget\" data-widget_type=\"spacer.default\">\n\t\t\t\t<div class=\"elementor-widget-container\">\n\t\t\t\t\t\t\t<div class=\"elementor-spacer\">\n\t\t\t<div class=\"elementor-spacer-inner\"><\/div>\n\t\t<\/div>\n\t\t\t\t\t\t<\/div>\n\t\t\t\t<\/div>\n\t\t\t\t\t<\/div>\n\t\t\t\t<\/div>\n\t\t\t\t<\/div>\n\t\t","protected":false},"excerpt":{"rendered":"<p>\u00bfC\u00f3mo comprar? Selecionar el producto en nuestra tienda lemodperu.com Elegir el color,\u00a0 talla y cantidad. A\u00f1adir al carrito de compras o seleccionar &#8220;Comprar por WhatsApp&#8221;. Llenar los datos en el formulario de facturaci\u00f3n para su env\u00edo. Si no encuentra opciones de su direcci\u00f3n puede comunicarse directamente a nuestro n\u00famero de WhatsApp al 901 962 491. [&hellip;]<\/p>\n","protected":false},"author":1,"featured_media":0,"parent":0,"menu_order":0,"comment_status":"closed","ping_status":"closed","template":"","meta":{"_uag_custom_page_level_css":"","site-sidebar-layout":"no-sidebar","site-content-layout":"page-builder","ast-site-content-layout":"full-width-container","site-content-style":"default","site-sidebar-style":"default","ast-global-header-display":"","ast-banner-title-visibility":"","ast-main-header-display":"","ast-hfb-above-header-display":"","ast-hfb-below-header-display":"","ast-hfb-mobile-header-display":"","site-post-title":"disabled","ast-breadcrumbs-content":"","ast-featured-img":"disabled","footer-sml-layout":"","theme-transparent-header-meta":"","adv-header-id-meta":"","stick-header-meta":"","header-above-stick-meta":"","header-main-stick-meta":"","header-below-stick-meta":"","astra-migrate-meta-layouts":"set","ast-page-background-enabled":"default","ast-page-background-meta":{"desktop":{"background-color":"var(--ast-global-color-4)","background-image":"","background-repeat":"repeat","background-position":"center center","background-size":"auto","background-attachment":"scroll","background-type":"","background-media":"","overlay-type":"","overlay-color":"","overlay-opacity":"","overlay-gradient":""},"tablet":{"background-color":"","background-image":"","background-repeat":"repeat","background-position":"center center","background-size":"auto","background-attachment":"scroll","background-type":"","background-media":"","overlay-type":"","overlay-color":"","overlay-opacity":"","overlay-gradient":""},"mobile":{"background-color":"","background-image":"","background-repeat":"repeat","background-position":"center center","background-size":"auto","background-attachment":"scroll","background-type":"","background-media":"","overlay-type":"","overlay-color":"","overlay-opacity":"","overlay-gradient":""}},"ast-content-background-meta":{"desktop":{"background-color":"var(--ast-global-color-5)","background-image":"","background-repeat":"repeat","background-position":"center center","background-size":"auto","background-attachment":"scroll","background-type":"","background-media":"","overlay-type":"","overlay-color":"","overlay-opacity":"","overlay-gradient":""},"tablet":{"background-color":"var(--ast-global-color-5)","background-image":"","background-repeat":"repeat","background-position":"center center","background-size":"auto","background-attachment":"scroll","background-type":"","background-media":"","overlay-type":"","overlay-color":"","overlay-opacity":"","overlay-gradient":""},"mobile":{"background-color":"var(--ast-global-color-5)","background-image":"","background-repeat":"repeat","background-position":"center center","background-size":"auto","background-attachment":"scroll","background-type":"","background-media":"","overlay-type":"","overlay-color":"","overlay-opacity":"","overlay-gradient":""}},"footnotes":""},"class_list":["post-4927","page","type-page","status-publish","hentry"],"uagb_featured_image_src":{"full":false,"thumbnail":false,"medium":false,"medium_large":false,"large":false,"1536x1536":false,"2048x2048":false,"woocommerce_thumbnail":false,"woocommerce_single":false,"woocommerce_gallery_thumbnail":false,"dgwt-wcas-product-suggestion":false},"uagb_author_info":{"display_name":"Diego Mendoza","author_link":"https:\/\/lemodperu.com\/pe\/author\/ducal-1624gmail-com\/"},"uagb_comment_info":0,"uagb_excerpt":"\u00bfC\u00f3mo comprar? Selecionar el producto en nuestra tienda lemodperu.com Elegir el color,\u00a0 talla y cantidad. A\u00f1adir al carrito de compras o seleccionar &#8220;Comprar por WhatsApp&#8221;. Llenar los datos en el formulario de facturaci\u00f3n para su env\u00edo. Si no encuentra opciones de su direcci\u00f3n puede comunicarse directamente a nuestro n\u00famero de WhatsApp al 901 962 491.&hellip;","_links":{"self":[{"href":"https:\/\/lemodperu.com\/pe\/wp-json\/wp\/v2\/pages\/4927","targetHints":{"allow":["GET"]}}],"collection":[{"href":"https:\/\/lemodperu.com\/pe\/wp-json\/wp\/v2\/pages"}],"about":[{"href":"https:\/\/lemodperu.com\/pe\/wp-json\/wp\/v2\/types\/page"}],"author":[{"embeddable":true,"href":"https:\/\/lemodperu.com\/pe\/wp-json\/wp\/v2\/users\/1"}],"replies":[{"embeddable":true,"href":"https:\/\/lemodperu.com\/pe\/wp-json\/wp\/v2\/comments?post=4927"}],"version-history":[{"count":110,"href":"https:\/\/lemodperu.com\/pe\/wp-json\/wp\/v2\/pages\/4927\/revisions"}],"predecessor-version":[{"id":9819,"href":"https:\/\/lemodperu.com\/pe\/wp-json\/wp\/v2\/pages\/4927\/revisions\/9819"}],"wp:attachment":[{"href":"https:\/\/lemodperu.com\/pe\/wp-json\/wp\/v2\/media?parent=4927"}],"curies":[{"name":"wp","href":"https:\/\/api.w.org\/{rel}","templated":true}]}}