{"id":4914,"date":"2024-12-12T04:20:00","date_gmt":"2024-12-12T04:20:00","guid":{"rendered":"https:\/\/lemodperu.com\/?page_id=4914"},"modified":"2025-12-27T05:21:24","modified_gmt":"2025-12-27T05:21:24","slug":"cambios-y-devoluciones","status":"publish","type":"page","link":"https:\/\/lemodperu.com\/pe\/cambios-y-devoluciones\/","title":{"rendered":"Cambios y devoluciones"},"content":{"rendered":"\t\t<div data-elementor-type=\"wp-page\" data-elementor-id=\"4914\" class=\"elementor elementor-4914\">\n\t\t\t\t<div class=\"elementor-element elementor-element-e19b240 e-flex e-con-boxed e-con e-parent\" data-id=\"e19b240\" data-element_type=\"container\">\n\t\t\t\t\t<div class=\"e-con-inner\">\n\t\t\t\t<div class=\"elementor-element elementor-element-24b9b6b elementor-widget elementor-widget-heading\" data-id=\"24b9b6b\" data-element_type=\"widget\" data-widget_type=\"heading.default\">\n\t\t\t\t<div class=\"elementor-widget-container\">\n\t\t\t\t\t<h2 class=\"elementor-heading-title elementor-size-default\">Cambios y Devoluciones<\/h2>\t\t\t\t<\/div>\n\t\t\t\t<\/div>\n\t\t\t\t\t<\/div>\n\t\t\t\t<\/div>\n\t\t<div class=\"elementor-element elementor-element-c4d7372 e-flex e-con-boxed e-con e-parent\" data-id=\"c4d7372\" data-element_type=\"container\">\n\t\t\t\t\t<div class=\"e-con-inner\">\n\t\t\t\t<div class=\"elementor-element elementor-element-b7767db elementor-widget elementor-widget-text-editor\" data-id=\"b7767db\" data-element_type=\"widget\" data-widget_type=\"text-editor.default\">\n\t\t\t\t<div class=\"elementor-widget-container\">\n\t\t\t\t\t\t\t\t\t<p>Los cambios y devoluciones est\u00e1n sujetas a una reglamentaria. Por lo cual, los clientes que adquieren los productos en tienda lemodperu.com deber\u00e1n tener en cuenta todos los detalles que se mencionar\u00e1 en el siguiente.<\/p><ul><li>Para realizar el cambio o devoluci\u00f3n del calzado, generalmente tiene un plazo de 7 d\u00edas h\u00e1biles contados desde la recepci\u00f3n del producto. V\u00e1lido a nivel nacional.<\/li><li>Todos los productos que se haya efectuado tienen un comprante de pago como; la factura, boleta de venta \u00f3 nota de venta. De tal manera, el cliente deber\u00e1 presentar todos los comprobantes necesarios para dar una credibilidad aut\u00e9ntica.<\/li><li>Tener en cuenta que para los mencionados el producto no debe presentar ning\u00fan detalle del uso, manipuleo, se\u00f1ales del da\u00f1o o desgaste.<\/li><li>El cliente tiene como responsabilidad de enviar el producto de retorno hacia nuestra direcci\u00f3n, para luego ser inspecionada detalladamente y verificar que todos los requisitos cumplen con nuestra norma.<\/li><li>Desp\u00faes de su aprobaci\u00f3n, se proceder\u00e1 con el cambio del producto con otro del mismo valor o superior. Si cliente desea adquirir un producto distinto del valor anterior se le agregar\u00e1 el saldo seg\u00fan el precio.<\/li><li>Tiempo de evaluaci\u00f3n entre 2 a 3 d\u00edas despu\u00e9s de la recepci\u00f3n del producto en nuestra oficina o almacen.<\/li><li>El costo del retorno y env\u00edo asume el cliente.<\/li><\/ul>\t\t\t\t\t\t\t\t<\/div>\n\t\t\t\t<\/div>\n\t\t\t\t\t<\/div>\n\t\t\t\t<\/div>\n\t\t<div class=\"elementor-element elementor-element-b68578d e-flex e-con-boxed e-con e-parent\" data-id=\"b68578d\" data-element_type=\"container\">\n\t\t\t\t\t<div class=\"e-con-inner\">\n\t\t\t\t<div class=\"elementor-element elementor-element-8090db8 elementor-widget elementor-widget-spacer\" data-id=\"8090db8\" data-element_type=\"widget\" data-widget_type=\"spacer.default\">\n\t\t\t\t<div class=\"elementor-widget-container\">\n\t\t\t\t\t\t\t<div class=\"elementor-spacer\">\n\t\t\t<div class=\"elementor-spacer-inner\"><\/div>\n\t\t<\/div>\n\t\t\t\t\t\t<\/div>\n\t\t\t\t<\/div>\n\t\t\t\t\t<\/div>\n\t\t\t\t<\/div>\n\t\t\t\t<\/div>\n\t\t","protected":false},"excerpt":{"rendered":"<p>Cambios y Devoluciones Los cambios y devoluciones est\u00e1n sujetas a una reglamentaria. Por lo cual, los clientes que adquieren los productos en tienda lemodperu.com deber\u00e1n tener en cuenta todos los detalles que se mencionar\u00e1 en el siguiente. Para realizar el cambio o devoluci\u00f3n del calzado, generalmente tiene un plazo de 7 d\u00edas h\u00e1biles contados desde [&hellip;]<\/p>\n","protected":false},"author":1,"featured_media":0,"parent":0,"menu_order":0,"comment_status":"closed","ping_status":"closed","template":"","meta":{"_uag_custom_page_level_css":"","site-sidebar-layout":"no-sidebar","site-content-layout":"page-builder","ast-site-content-layout":"full-width-container","site-content-style":"default","site-sidebar-style":"default","ast-global-header-display":"","ast-banner-title-visibility":"","ast-main-header-display":"","ast-hfb-above-header-display":"","ast-hfb-below-header-display":"","ast-hfb-mobile-header-display":"","site-post-title":"disabled","ast-breadcrumbs-content":"","ast-featured-img":"disabled","footer-sml-layout":"","theme-transparent-header-meta":"","adv-header-id-meta":"","stick-header-meta":"","header-above-stick-meta":"","header-main-stick-meta":"","header-below-stick-meta":"","astra-migrate-meta-layouts":"set","ast-page-background-enabled":"default","ast-page-background-meta":{"desktop":{"background-color":"var(--ast-global-color-4)","background-image":"","background-repeat":"repeat","background-position":"center center","background-size":"auto","background-attachment":"scroll","background-type":"","background-media":"","overlay-type":"","overlay-color":"","overlay-opacity":"","overlay-gradient":""},"tablet":{"background-color":"","background-image":"","background-repeat":"repeat","background-position":"center center","background-size":"auto","background-attachment":"scroll","background-type":"","background-media":"","overlay-type":"","overlay-color":"","overlay-opacity":"","overlay-gradient":""},"mobile":{"background-color":"","background-image":"","background-repeat":"repeat","background-position":"center center","background-size":"auto","background-attachment":"scroll","background-type":"","background-media":"","overlay-type":"","overlay-color":"","overlay-opacity":"","overlay-gradient":""}},"ast-content-background-meta":{"desktop":{"background-color":"var(--ast-global-color-5)","background-image":"","background-repeat":"repeat","background-position":"center center","background-size":"auto","background-attachment":"scroll","background-type":"","background-media":"","overlay-type":"","overlay-color":"","overlay-opacity":"","overlay-gradient":""},"tablet":{"background-color":"var(--ast-global-color-5)","background-image":"","background-repeat":"repeat","background-position":"center center","background-size":"auto","background-attachment":"scroll","background-type":"","background-media":"","overlay-type":"","overlay-color":"","overlay-opacity":"","overlay-gradient":""},"mobile":{"background-color":"var(--ast-global-color-5)","background-image":"","background-repeat":"repeat","background-position":"center center","background-size":"auto","background-attachment":"scroll","background-type":"","background-media":"","overlay-type":"","overlay-color":"","overlay-opacity":"","overlay-gradient":""}},"footnotes":""},"class_list":["post-4914","page","type-page","status-publish","hentry"],"uagb_featured_image_src":{"full":false,"thumbnail":false,"medium":false,"medium_large":false,"large":false,"1536x1536":false,"2048x2048":false,"woocommerce_thumbnail":false,"woocommerce_single":false,"woocommerce_gallery_thumbnail":false,"dgwt-wcas-product-suggestion":false},"uagb_author_info":{"display_name":"Diego Mendoza","author_link":"https:\/\/lemodperu.com\/pe\/author\/ducal-1624gmail-com\/"},"uagb_comment_info":0,"uagb_excerpt":"Cambios y Devoluciones Los cambios y devoluciones est\u00e1n sujetas a una reglamentaria. Por lo cual, los clientes que adquieren los productos en tienda lemodperu.com deber\u00e1n tener en cuenta todos los detalles que se mencionar\u00e1 en el siguiente. Para realizar el cambio o devoluci\u00f3n del calzado, generalmente tiene un plazo de 7 d\u00edas h\u00e1biles contados desde&hellip;","_links":{"self":[{"href":"https:\/\/lemodperu.com\/pe\/wp-json\/wp\/v2\/pages\/4914","targetHints":{"allow":["GET"]}}],"collection":[{"href":"https:\/\/lemodperu.com\/pe\/wp-json\/wp\/v2\/pages"}],"about":[{"href":"https:\/\/lemodperu.com\/pe\/wp-json\/wp\/v2\/types\/page"}],"author":[{"embeddable":true,"href":"https:\/\/lemodperu.com\/pe\/wp-json\/wp\/v2\/users\/1"}],"replies":[{"embeddable":true,"href":"https:\/\/lemodperu.com\/pe\/wp-json\/wp\/v2\/comments?post=4914"}],"version-history":[{"count":43,"href":"https:\/\/lemodperu.com\/pe\/wp-json\/wp\/v2\/pages\/4914\/revisions"}],"predecessor-version":[{"id":9776,"href":"https:\/\/lemodperu.com\/pe\/wp-json\/wp\/v2\/pages\/4914\/revisions\/9776"}],"wp:attachment":[{"href":"https:\/\/lemodperu.com\/pe\/wp-json\/wp\/v2\/media?parent=4914"}],"curies":[{"name":"wp","href":"https:\/\/api.w.org\/{rel}","templated":true}]}}