{"id":4874,"date":"2024-12-12T02:03:55","date_gmt":"2024-12-12T02:03:55","guid":{"rendered":"https:\/\/lemodperu.com\/?page_id=4874"},"modified":"2025-12-27T17:01:39","modified_gmt":"2025-12-27T17:01:39","slug":"terminos-y-condiciones","status":"publish","type":"page","link":"https:\/\/lemodperu.com\/pe\/terminos-y-condiciones\/","title":{"rendered":"T\u00e9rminos y condiciones"},"content":{"rendered":"\t\t<div data-elementor-type=\"wp-page\" data-elementor-id=\"4874\" class=\"elementor elementor-4874\">\n\t\t\t\t<div class=\"elementor-element elementor-element-03f1772 e-flex e-con-boxed e-con e-parent\" data-id=\"03f1772\" data-element_type=\"container\" data-settings=\"{&quot;background_background&quot;:&quot;classic&quot;}\">\n\t\t\t\t\t<div class=\"e-con-inner\">\n\t\t\t\t<div class=\"elementor-element elementor-element-8328a2c elementor-widget elementor-widget-heading\" data-id=\"8328a2c\" data-element_type=\"widget\" data-widget_type=\"heading.default\">\n\t\t\t\t<div class=\"elementor-widget-container\">\n\t\t\t\t\t<h2 class=\"elementor-heading-title elementor-size-default\">T\u00c9RMINOS Y CONDICIONES<\/h2>\t\t\t\t<\/div>\n\t\t\t\t<\/div>\n\t\t\t\t\t<\/div>\n\t\t\t\t<\/div>\n\t\t<div class=\"elementor-element elementor-element-3dc4833 e-flex e-con-boxed e-con e-parent\" data-id=\"3dc4833\" data-element_type=\"container\">\n\t\t\t\t\t<div class=\"e-con-inner\">\n\t\t\t\t<div class=\"elementor-element elementor-element-19aae97 elementor-widget elementor-widget-text-editor\" data-id=\"19aae97\" data-element_type=\"widget\" data-widget_type=\"text-editor.default\">\n\t\t\t\t<div class=\"elementor-widget-container\">\n\t\t\t\t\t\t\t\t\t<p>El uso o acceso a nuestra tienda virtual lemodperu.com cuenta con los t\u00e9rminos y condiciones. Por favor, le pedimos que lea detalladamente antes de realizar su compra Online. Asimismo, toda actividad realizada en nuestro sitio web est\u00e1n regidas por unas series que te documentamos a continuaci\u00f3n.<\/p>\t\t\t\t\t\t\t\t<\/div>\n\t\t\t\t<\/div>\n\t\t\t\t\t<\/div>\n\t\t\t\t<\/div>\n\t\t<div class=\"elementor-element elementor-element-b3bdd85 e-flex e-con-boxed e-con e-parent\" data-id=\"b3bdd85\" data-element_type=\"container\">\n\t\t\t\t\t<div class=\"e-con-inner\">\n\t\t\t\t<div class=\"elementor-element elementor-element-c18c885 elementor-widget elementor-widget-heading\" data-id=\"c18c885\" data-element_type=\"widget\" data-widget_type=\"heading.default\">\n\t\t\t\t<div class=\"elementor-widget-container\">\n\t\t\t\t\t<h3 class=\"elementor-heading-title elementor-size-default\">Registro del cliente<\/h3>\t\t\t\t<\/div>\n\t\t\t\t<\/div>\n\t\t\t\t<div class=\"elementor-element elementor-element-7ae0e86 elementor-widget elementor-widget-text-editor\" data-id=\"7ae0e86\" data-element_type=\"widget\" data-widget_type=\"text-editor.default\">\n\t\t\t\t<div class=\"elementor-widget-container\">\n\t\t\t\t\t\t\t\t\t<p>Toda actividad o registro que se efect\u00fae en nuestra plataforma web lemodperu.com tiene como condiciones de que el cliente sea mayor de edad. En caso de que un menor pueda realizar el uso del presente, los padres, apoderados o encargados son plenamente responsables, y la empresa no se har\u00e1 cargo de ning\u00fan efecto de transacci\u00f3n u otro.\u00a0<\/p>\t\t\t\t\t\t\t\t<\/div>\n\t\t\t\t<\/div>\n\t\t\t\t\t<\/div>\n\t\t\t\t<\/div>\n\t\t<div class=\"elementor-element elementor-element-4ee5db9 e-flex e-con-boxed e-con e-parent\" data-id=\"4ee5db9\" data-element_type=\"container\">\n\t\t\t\t\t<div class=\"e-con-inner\">\n\t\t\t\t<div class=\"elementor-element elementor-element-7b31c31 elementor-widget elementor-widget-heading\" data-id=\"7b31c31\" data-element_type=\"widget\" data-widget_type=\"heading.default\">\n\t\t\t\t<div class=\"elementor-widget-container\">\n\t\t\t\t\t<h3 class=\"elementor-heading-title elementor-size-default\">El uso de tienda virtual<\/h3>\t\t\t\t<\/div>\n\t\t\t\t<\/div>\n\t\t\t\t<div class=\"elementor-element elementor-element-5d4bb4d elementor-widget elementor-widget-text-editor\" data-id=\"5d4bb4d\" data-element_type=\"widget\" data-widget_type=\"text-editor.default\">\n\t\t\t\t<div class=\"elementor-widget-container\">\n\t\t\t\t\t\t\t\t\t<p>Nuestra tienda virtual les ofrece una gran variedad de calzados de diferentes estilos, desde calzados de vestir hasta casuales. Somos una nueva empresa distribuidora de calzados a nivel nacional. Es por ello, nuestro enfoque es brindar el acceso a nuestra tienda virtual con total facilidad. De esta manera, nuestros clientes podr\u00e1n realizar su compra sin restricciones desde el lugar donde se encuentren.<\/p>\t\t\t\t\t\t\t\t<\/div>\n\t\t\t\t<\/div>\n\t\t\t\t\t<\/div>\n\t\t\t\t<\/div>\n\t\t<div class=\"elementor-element elementor-element-e062806 e-flex e-con-boxed e-con e-parent\" data-id=\"e062806\" data-element_type=\"container\" data-settings=\"{&quot;background_background&quot;:&quot;classic&quot;}\">\n\t\t\t\t\t<div class=\"e-con-inner\">\n\t\t\t\t<div class=\"elementor-element elementor-element-0743dbe elementor-widget elementor-widget-heading\" data-id=\"0743dbe\" data-element_type=\"widget\" data-widget_type=\"heading.default\">\n\t\t\t\t<div class=\"elementor-widget-container\">\n\t\t\t\t\t<h3 class=\"elementor-heading-title elementor-size-default\">Env\u00edos<\/h3>\t\t\t\t<\/div>\n\t\t\t\t<\/div>\n\t\t\t\t<div class=\"elementor-element elementor-element-00f10bc elementor-widget elementor-widget-text-editor\" data-id=\"00f10bc\" data-element_type=\"widget\" data-widget_type=\"text-editor.default\">\n\t\t\t\t<div class=\"elementor-widget-container\">\n\t\t\t\t\t\t\t\t\t<p>Nuestro servicio de env\u00edo est\u00e1 cubierto a nivel nacional (territorio peruano). Gracias a nuestros clientes, nos consolidamos como una de las mejores empresas en comercializar todo tipo de calzados desde los cl\u00e1sicos hasta elegantes. Estamos para dar soluci\u00f3n a tus necesidades. Cont\u00e1ctanos y con gusto te atenderemos.\u00a0<\/p>\t\t\t\t\t\t\t\t<\/div>\n\t\t\t\t<\/div>\n\t\t\t\t<div class=\"elementor-element elementor-element-a2d84ee elementor-widget elementor-widget-heading\" data-id=\"a2d84ee\" data-element_type=\"widget\" data-widget_type=\"heading.default\">\n\t\t\t\t<div class=\"elementor-widget-container\">\n\t\t\t\t\t<h3 class=\"elementor-heading-title elementor-size-default\">Pol\u00edtica de env\u00edos<\/h3>\t\t\t\t<\/div>\n\t\t\t\t<\/div>\n\t\t\t\t<div class=\"elementor-element elementor-element-ef822da elementor-widget elementor-widget-text-editor\" data-id=\"ef822da\" data-element_type=\"widget\" data-widget_type=\"text-editor.default\">\n\t\t\t\t<div class=\"elementor-widget-container\">\n\t\t\t\t\t\t\t\t\t<p>Una vez realizada la transacci\u00f3n de su compra del producto, ejecutamos con la preparaci\u00f3n para su respectivo env\u00edo a la direci\u00f3n facturada o registrada en los datos del formulario. Si el cliente haya redactado con alg\u00fan error o quisiera modificar puede escribirnos a nuestro n\u00famero de WhatsApp 901 962 491 o al correo atencionalcliente@lemodperu.com<\/p><p>Nuestro m\u00e9todo de env\u00edo est\u00e1 asociada mediante las empresas Shalom y Olva Courier. De acuerdo a las posibilidades, si cliente desea el env\u00edo con otra agencia Courier puede contactarse con nosotros por nuestros medios de comunicaci\u00f3n para el cambio requerido.\u00a0<\/p><p>Corroboramos que todo pedido a modificar tiene un plazo desde su confirmaci\u00f3n.<\/p>\t\t\t\t\t\t\t\t<\/div>\n\t\t\t\t<\/div>\n\t\t\t\t\t<\/div>\n\t\t\t\t<\/div>\n\t\t<div class=\"elementor-element elementor-element-a9762ec e-flex e-con-boxed e-con e-parent\" data-id=\"a9762ec\" data-element_type=\"container\" data-settings=\"{&quot;background_background&quot;:&quot;classic&quot;}\">\n\t\t\t\t\t<div class=\"e-con-inner\">\n\t\t\t\t<div class=\"elementor-element elementor-element-121c6d1 elementor-widget elementor-widget-heading\" data-id=\"121c6d1\" data-element_type=\"widget\" data-widget_type=\"heading.default\">\n\t\t\t\t<div class=\"elementor-widget-container\">\n\t\t\t\t\t<h3 class=\"elementor-heading-title elementor-size-default\">Tiempo de env\u00edo seg\u00fan la direcci\u00f3n<\/h3>\t\t\t\t<\/div>\n\t\t\t\t<\/div>\n\t\t\t\t<div class=\"elementor-element elementor-element-e68f08b elementor-widget elementor-widget-text-editor\" data-id=\"e68f08b\" data-element_type=\"widget\" data-widget_type=\"text-editor.default\">\n\t\t\t\t<div class=\"elementor-widget-container\">\n\t\t\t\t\t\t\t\t\t<p>Despu\u00e9s de efectuar con el dep\u00f3sito conrrespondiente del precio del producto o pedido, y una vez confirmada por nuestro gestor de ventas, tendremos la oportunidad de pasar al siguiente paso que es el empaquetado o prepaci\u00f3n del producto para el env\u00edo.<\/p><p>Las horas establecidas para el env\u00edo despu\u00e9s de la transacci\u00f3n est\u00e1n reglamentadas seg\u00fan la localizaci\u00f3n. De esta manera, nuestros clientes tienen el tiempo necesario para informarnos de cualquier inconviniente y modificar en los datos registrados para su env\u00edo.<\/p><p>Plazos o tolerancia:<\/p><ul><li>Ciudad de Lima Metropolitana: 2 horas<\/li><li>Lima Provincia y Departamentos: 4 horas.\u00a0<\/li><\/ul><p>Una vez culminado con el proceso de env\u00edo, se le estar\u00e1 notificando a los clientes por medio de correo electr\u00f3nico o WhatsApp que su pedido ha sido enviado con \u00e9xito. Finalmente se enviar\u00e1 el voucher, el c\u00f3digo de seguimiento y clave de recojo para culminar la compra con \u00e9xito.<\/p>\t\t\t\t\t\t\t\t<\/div>\n\t\t\t\t<\/div>\n\t\t\t\t\t<\/div>\n\t\t\t\t<\/div>\n\t\t<div class=\"elementor-element elementor-element-5af9c92 e-flex e-con-boxed e-con e-parent\" data-id=\"5af9c92\" data-element_type=\"container\" data-settings=\"{&quot;background_background&quot;:&quot;classic&quot;}\">\n\t\t\t\t\t<div class=\"e-con-inner\">\n\t\t\t\t<div class=\"elementor-element elementor-element-a02f6f7 elementor-widget elementor-widget-heading\" data-id=\"a02f6f7\" data-element_type=\"widget\" data-widget_type=\"heading.default\">\n\t\t\t\t<div class=\"elementor-widget-container\">\n\t\t\t\t\t<h3 class=\"elementor-heading-title elementor-size-default\">Horario de Delivery o Env\u00edos<\/h3>\t\t\t\t<\/div>\n\t\t\t\t<\/div>\n\t\t\t\t<div class=\"elementor-element elementor-element-7551511 elementor-widget elementor-widget-text-editor\" data-id=\"7551511\" data-element_type=\"widget\" data-widget_type=\"text-editor.default\">\n\t\t\t\t<div class=\"elementor-widget-container\">\n\t\t\t\t\t\t\t\t\t<p>Nuestro horario delivery o env\u00edos est\u00e1n rigurosamente evaluado de acuerdo a las horas y los d\u00edas seg\u00fan la localizaci\u00f3n.<\/p><ul><li>Lima Metropolitana<br \/>1. Lima Norte: Lunes, Mi\u00e9rcoles y Viernes de 3:00pm a 6:30pom<br \/>2. Lima Sur: Martes, Jueves y S\u00e1bado de 3:00pm a 6:30pm<\/li><li>Lima Provincia y Departamentos<br \/>1. Lunes a S\u00e1bado de 3:00pm a 6:30pm<\/li><\/ul><p>Toda entrega Delivery en la ciudad capital de Lima Metropolitana est\u00e1 establecida seg\u00fan las condiciones y ubicaciones. La entrega de productos se debe efectuar en las avenidad transitables, centros de trabajo, direcciones o domicilio con menor riesgo de robos. No se aceptar\u00e1 direcciones en zonas de alta probabilidad de robos. Previamente se evaluar\u00e1 la direcci\u00f3n y le notificar\u00e1 al cliente si el lugar es apropiado para la entrega.<\/p>\t\t\t\t\t\t\t\t<\/div>\n\t\t\t\t<\/div>\n\t\t\t\t\t<\/div>\n\t\t\t\t<\/div>\n\t\t<div class=\"elementor-element elementor-element-a43a002 e-flex e-con-boxed e-con e-parent\" data-id=\"a43a002\" data-element_type=\"container\">\n\t\t\t\t\t<div class=\"e-con-inner\">\n\t\t\t\t<div class=\"elementor-element elementor-element-ee345ce elementor-widget elementor-widget-spacer\" data-id=\"ee345ce\" data-element_type=\"widget\" data-widget_type=\"spacer.default\">\n\t\t\t\t<div class=\"elementor-widget-container\">\n\t\t\t\t\t\t\t<div class=\"elementor-spacer\">\n\t\t\t<div class=\"elementor-spacer-inner\"><\/div>\n\t\t<\/div>\n\t\t\t\t\t\t<\/div>\n\t\t\t\t<\/div>\n\t\t\t\t\t<\/div>\n\t\t\t\t<\/div>\n\t\t\t\t<\/div>\n\t\t","protected":false},"excerpt":{"rendered":"<p>T\u00c9RMINOS Y CONDICIONES El uso o acceso a nuestra tienda virtual lemodperu.com cuenta con los t\u00e9rminos y condiciones. Por favor, le pedimos que lea detalladamente antes de realizar su compra Online. Asimismo, toda actividad realizada en nuestro sitio web est\u00e1n regidas por unas series que te documentamos a continuaci\u00f3n. Registro del cliente Toda actividad o [&hellip;]<\/p>\n","protected":false},"author":1,"featured_media":0,"parent":0,"menu_order":0,"comment_status":"closed","ping_status":"closed","template":"","meta":{"_uag_custom_page_level_css":"","site-sidebar-layout":"no-sidebar","site-content-layout":"page-builder","ast-site-content-layout":"full-width-container","site-content-style":"default","site-sidebar-style":"default","ast-global-header-display":"","ast-banner-title-visibility":"","ast-main-header-display":"","ast-hfb-above-header-display":"","ast-hfb-below-header-display":"","ast-hfb-mobile-header-display":"","site-post-title":"disabled","ast-breadcrumbs-content":"","ast-featured-img":"disabled","footer-sml-layout":"","theme-transparent-header-meta":"","adv-header-id-meta":"","stick-header-meta":"","header-above-stick-meta":"","header-main-stick-meta":"","header-below-stick-meta":"","astra-migrate-meta-layouts":"set","ast-page-background-enabled":"default","ast-page-background-meta":{"desktop":{"background-color":"var(--ast-global-color-4)","background-image":"","background-repeat":"repeat","background-position":"center center","background-size":"auto","background-attachment":"scroll","background-type":"","background-media":"","overlay-type":"","overlay-color":"","overlay-opacity":"","overlay-gradient":""},"tablet":{"background-color":"","background-image":"","background-repeat":"repeat","background-position":"center center","background-size":"auto","background-attachment":"scroll","background-type":"","background-media":"","overlay-type":"","overlay-color":"","overlay-opacity":"","overlay-gradient":""},"mobile":{"background-color":"","background-image":"","background-repeat":"repeat","background-position":"center center","background-size":"auto","background-attachment":"scroll","background-type":"","background-media":"","overlay-type":"","overlay-color":"","overlay-opacity":"","overlay-gradient":""}},"ast-content-background-meta":{"desktop":{"background-color":"var(--ast-global-color-5)","background-image":"","background-repeat":"repeat","background-position":"center center","background-size":"auto","background-attachment":"scroll","background-type":"","background-media":"","overlay-type":"","overlay-color":"","overlay-opacity":"","overlay-gradient":""},"tablet":{"background-color":"var(--ast-global-color-5)","background-image":"","background-repeat":"repeat","background-position":"center center","background-size":"auto","background-attachment":"scroll","background-type":"","background-media":"","overlay-type":"","overlay-color":"","overlay-opacity":"","overlay-gradient":""},"mobile":{"background-color":"var(--ast-global-color-5)","background-image":"","background-repeat":"repeat","background-position":"center center","background-size":"auto","background-attachment":"scroll","background-type":"","background-media":"","overlay-type":"","overlay-color":"","overlay-opacity":"","overlay-gradient":""}},"footnotes":""},"class_list":["post-4874","page","type-page","status-publish","hentry"],"uagb_featured_image_src":{"full":false,"thumbnail":false,"medium":false,"medium_large":false,"large":false,"1536x1536":false,"2048x2048":false,"woocommerce_thumbnail":false,"woocommerce_single":false,"woocommerce_gallery_thumbnail":false,"dgwt-wcas-product-suggestion":false},"uagb_author_info":{"display_name":"Diego Mendoza","author_link":"https:\/\/lemodperu.com\/pe\/author\/ducal-1624gmail-com\/"},"uagb_comment_info":0,"uagb_excerpt":"T\u00c9RMINOS Y CONDICIONES El uso o acceso a nuestra tienda virtual lemodperu.com cuenta con los t\u00e9rminos y condiciones. Por favor, le pedimos que lea detalladamente antes de realizar su compra Online. Asimismo, toda actividad realizada en nuestro sitio web est\u00e1n regidas por unas series que te documentamos a continuaci\u00f3n. Registro del cliente Toda actividad o&hellip;","_links":{"self":[{"href":"https:\/\/lemodperu.com\/pe\/wp-json\/wp\/v2\/pages\/4874","targetHints":{"allow":["GET"]}}],"collection":[{"href":"https:\/\/lemodperu.com\/pe\/wp-json\/wp\/v2\/pages"}],"about":[{"href":"https:\/\/lemodperu.com\/pe\/wp-json\/wp\/v2\/types\/page"}],"author":[{"embeddable":true,"href":"https:\/\/lemodperu.com\/pe\/wp-json\/wp\/v2\/users\/1"}],"replies":[{"embeddable":true,"href":"https:\/\/lemodperu.com\/pe\/wp-json\/wp\/v2\/comments?post=4874"}],"version-history":[{"count":181,"href":"https:\/\/lemodperu.com\/pe\/wp-json\/wp\/v2\/pages\/4874\/revisions"}],"predecessor-version":[{"id":9844,"href":"https:\/\/lemodperu.com\/pe\/wp-json\/wp\/v2\/pages\/4874\/revisions\/9844"}],"wp:attachment":[{"href":"https:\/\/lemodperu.com\/pe\/wp-json\/wp\/v2\/media?parent=4874"}],"curies":[{"name":"wp","href":"https:\/\/api.w.org\/{rel}","templated":true}]}}